{"id":93,"date":"2021-06-09T04:43:16","date_gmt":"2021-06-09T04:43:16","guid":{"rendered":"https:\/\/shtheme.org\/demosd\/farmey\/?page_id=93"},"modified":"2025-08-08T16:09:36","modified_gmt":"2025-08-08T16:09:36","slug":"contato","status":"publish","type":"page","link":"https:\/\/trigoleo.com.br\/pt_br\/contato\/","title":{"rendered":"Contato"},"content":{"rendered":"\t\t<div data-elementor-type=\"wp-page\" data-elementor-id=\"93\" class=\"elementor elementor-93\">\n\t\t\t\t\t\t<section class=\"elementor-section elementor-top-section elementor-element elementor-element-22d0b12 elementor-section-full_width elementor-section-height-default elementor-section-height-default\" data-id=\"22d0b12\" data-element_type=\"section\" data-e-type=\"section\">\n\t\t\t\t\t\t<div class=\"elementor-container elementor-column-gap-no\">\n\t\t\t\t\t<div class=\"elementor-column elementor-col-100 elementor-top-column elementor-element elementor-element-8003d98\" data-id=\"8003d98\" data-element_type=\"column\" data-e-type=\"column\">\n\t\t\t<div class=\"elementor-widget-wrap elementor-element-populated\">\n\t\t\t\t\t\t<div class=\"elementor-element elementor-element-47f111c elementor-align-left elementor-widget elementor-widget-bdevs-contact5\" data-id=\"47f111c\" data-element_type=\"widget\" data-e-type=\"widget\" data-widget_type=\"bdevs-contact5.default\">\n\t\t\t\t<div class=\"elementor-widget-container\">\n\t\t\t\t\t \r\n<section>\r\n    <div class=\"pages-hero-contact\" style=\"background-image:url(https:\/\/shtheme.org\/demosd\/farmey\/wp-content\/uploads\/2021\/10\/pages-bg.jpg)\">\r\n        <div class=\"container\">\r\n            <div class=\"pages-title contact-title\">\r\n            \t\t            <h1>Fale com a TRIG\u00d3LEO<\/h1>\r\n\t            \t            \t            <p>Envie sua mensagem ou ligue para n\u00f3s.<\/p>\r\n\t                        <\/div>\r\n        <\/div>\r\n    <\/div>\r\n    <div class=\"container mb-5\">\r\n        <div class=\"contact-badge\">\r\n\r\n            <div class=\"row\">\r\n                <div class=\"col-lg-8\">\r\n                    <div class=\"left-contact-badge\">\r\n                    \t                        <h4>ENVIAR MENSAGEM<\/h4>\r\n                                                \n<div class=\"wpcf7 no-js\" id=\"wpcf7-f115-o1\" lang=\"en-US\" dir=\"ltr\" data-wpcf7-id=\"115\">\n<div class=\"screen-reader-response\"><p role=\"status\" aria-live=\"polite\" aria-atomic=\"true\"><\/p> <ul><\/ul><\/div>\n<form action=\"\/pt_br\/wp-json\/wp\/v2\/pages\/93#wpcf7-f115-o1\" method=\"post\" class=\"wpcf7-form init\" aria-label=\"Contact form\" novalidate=\"novalidate\" data-status=\"init\">\n<div style=\"display: none;\">\n<input type=\"hidden\" name=\"_wpcf7\" value=\"115\" \/>\n<input type=\"hidden\" name=\"_wpcf7_version\" value=\"6.0.3\" \/>\n<input type=\"hidden\" name=\"_wpcf7_locale\" value=\"en_US\" \/>\n<input type=\"hidden\" name=\"_wpcf7_unit_tag\" value=\"wpcf7-f115-o1\" \/>\n<input type=\"hidden\" name=\"_wpcf7_container_post\" value=\"0\" \/>\n<input type=\"hidden\" name=\"_wpcf7_posted_data_hash\" value=\"\" \/>\n<\/div>\n<div id=\"contact-form\">\n\t<div class=\"messages\">\n\t<\/div>\n\t<div class=\"controls\">\n\t\t<div class=\"row\">\n\t\t\t<div class=\"col-sm-6\">\n\t\t\t\t<div class=\"form-group\">\n\t\t\t\t\t<p><span class=\"wpcf7-form-control-wrap\" data-name=\"name-855\"><input size=\"40\" maxlength=\"400\" class=\"wpcf7-form-control wpcf7-text wpcf7-validates-as-required form-control custom-form\" id=\"form_name\" aria-required=\"true\" aria-invalid=\"false\" placeholder=\"*Seu Nome\" value=\"\" type=\"text\" name=\"name-855\" \/><\/span>\n\t\t\t\t\t<\/p>\n\t\t\t\t\t<div class=\"help-block with-errors\">\n\t\t\t\t\t<\/div>\n\t\t\t\t<\/div>\n\t\t\t<\/div>\n\t\t\t<div class=\"col-sm-6\">\n\t\t\t\t<div class=\"form-group\">\n\t\t\t\t\t<p><span class=\"wpcf7-form-control-wrap\" data-name=\"email-445\"><input size=\"40\" maxlength=\"400\" class=\"wpcf7-form-control wpcf7-email wpcf7-validates-as-required wpcf7-text wpcf7-validates-as-email form-control custom-form\" id=\"form_email\" aria-required=\"true\" aria-invalid=\"false\" placeholder=\"*Seu E-mail\" value=\"\" type=\"email\" name=\"email-445\" \/><\/span>\n\t\t\t\t\t<\/p>\n\t\t\t\t\t<div class=\"help-block with-errors\">\n\t\t\t\t\t<\/div>\n\t\t\t\t<\/div>\n\t\t\t<\/div>\n\t\t\t<div class=\"col-sm-12\">\n\t\t\t\t<div class=\"form-group\">\n\t\t\t\t\t<p><span class=\"wpcf7-form-control-wrap\" data-name=\"phone\"><input size=\"40\" maxlength=\"400\" class=\"wpcf7-form-control wpcf7-text wpcf7-validates-as-required form-control custom-form\" id=\"form_phone\" aria-required=\"true\" aria-invalid=\"false\" placeholder=\"*Seu Telefone\" value=\"\" type=\"text\" name=\"phone\" \/><\/span>\n\t\t\t\t\t<\/p>\n\t\t\t\t\t<div class=\"help-block with-errors\">\n\t\t\t\t\t<\/div>\n\t\t\t\t<\/div>\n\t\t\t<\/div>\n\t\t\t<div class=\"col-sm-12\">\n\t\t\t\t<div class=\"form-group\">\n\t\t\t\t\t<p><span class=\"wpcf7-form-control-wrap\" data-name=\"textarea-578\"><textarea cols=\"40\" rows=\"10\" maxlength=\"2000\" class=\"wpcf7-form-control wpcf7-textarea wpcf7-validates-as-required form-control message-form custom-form\" id=\"form_message\" aria-required=\"true\" aria-invalid=\"false\" placeholder=\"*Sua Mensagem\" name=\"textarea-578\"><\/textarea><\/span>\n\t\t\t\t\t<\/p>\n\t\t\t\t\t<div class=\"help-block with-errors\">\n\t\t\t\t\t<\/div>\n\t\t\t\t<\/div>\n\t\t\t<\/div>\n\t\t<\/div>\n\t\t<div class=\"row\">\n\t\t\t<div class=\"col-md-12 btn-send\">\n\t\t\t\t<p><input class=\"wpcf7-form-control wpcf7-submit has-spinner btn btn-default\" type=\"submit\" value=\"Enviar Mensagem\" \/>\n\t\t\t\t<\/p>\n\t\t\t<\/div>\n\t\t\t<div class=\"col-sm-12\">\n\t\t\t\t<p class=\"required\">*Preencimento Obrigat\u00f3rio.\n\t\t\t\t<\/p>\n\t\t\t<\/div>\n\t\t<\/div>\n\t<\/div>\n<\/div><div class=\"wpcf7-response-output\" aria-hidden=\"true\"><\/div>\n<\/form>\n<\/div>\n                    <\/div>\r\n                <\/div>\r\n                <div class=\"col-lg-4 spacing-md\">\r\n                    <div class=\"right-contact-badge\">\r\n                    \t                        <h4>CONTATOS<\/h4>\r\n                                                                        <p class=\"phone\"><a href=\"tel:(21) 3349-3305\"> (21) 3349-3305<\/a><\/p>\r\n                                                                        <p class=\"mail\"><a href=\"mailto:contato@trigoleo.com.br\">contato@trigoleo.com.br<\/a><\/p>\r\n                                                                        <p class=\"address\">Av. S\u00e3o Paulo, 195 (Esquina com a Rua Jos\u00e9 Pena Medina) Edif\u00edcio Unique Business - Cobertura - Praia da Costa - Vila Velha \/ ES.<\/p>\r\n                                                <div class=\"footer-social\">\r\n                            <ul>\r\n                                \t\t                        <li><a href=\"https:\/\/www.facebook.com\/\"><i class=\"fab fa-facebook-f\"><\/i><\/a><\/li>\r\n\t\t                        \t\t                        \t\t                        \t\t                        <li><a href=\"https:\/\/www.instagram.com\/\"><i class=\"fab fa-instagram\"><\/i><\/a><\/li>\r\n\t\t                        \t\t                        \t\t                        <li><a href=\"https:\/\/www.youtube.com\/\"><i class=\"fab fa-youtube\"><\/i><\/a><\/li>\r\n\t\t                                                    <\/ul>\r\n                        <\/div>\r\n                        <figure class=\"photo-contact\">\r\n                            <img decoding=\"async\" src=\"https:\/\/shtheme.org\/demosd\/farmey\/wp-content\/uploads\/2021\/10\/phone-contact.png\" alt=\"\">\r\n                        <\/figure>\r\n                    <\/div>\r\n                <\/div>\r\n            <\/div>\r\n        <\/div>\r\n    <\/div>\r\n<\/section>\r\n\t\t\t\t\t<\/div>\n\t\t\t\t<\/div>\n\t\t\t\t\t<\/div>\n\t\t<\/div>\n\t\t\t\t\t<\/div>\n\t\t<\/section>\n\t\t\t\t<section class=\"elementor-section elementor-top-section elementor-element elementor-element-bddc749 elementor-section-full_width elementor-section-height-default elementor-section-height-default\" data-id=\"bddc749\" data-element_type=\"section\" data-e-type=\"section\">\n\t\t\t\t\t\t<div class=\"elementor-container elementor-column-gap-no\">\n\t\t\t\t\t<div class=\"elementor-column elementor-col-100 elementor-top-column elementor-element elementor-element-811ea1d\" data-id=\"811ea1d\" data-element_type=\"column\" data-e-type=\"column\">\n\t\t\t<div class=\"elementor-widget-wrap elementor-element-populated\">\n\t\t\t\t\t\t<div class=\"elementor-element elementor-element-a44d1d3 elementor-align-left elementor-widget elementor-widget-bdevs-contact3\" data-id=\"a44d1d3\" data-element_type=\"widget\" data-e-type=\"widget\" data-widget_type=\"bdevs-contact3.default\">\n\t\t\t\t<div class=\"elementor-widget-container\">\n\t\t\t\t\t \r\n<section>\r\n\t\t<div class=\"bottom-map mb-5\">\r\n        <iframe\r\n            src=\"https:\/\/www.google.com\/maps\/embed?pb=!1m18!1m12!1m3!1d278.05126198686446!2d-40.285560745904945!3d-20.341744616997296!2m3!1f0!2f0!3f0!3m2!1i1024!2i768!4f13.1!3m3!1m2!1s0xb8164101e2b065%3A0x54ff1e1faae6c086!2sR.%20Jos%C3%A9%20Pena%20Medina%2C%20195%20-%20Praia%20da%20Costa%2C%20Vila%20Velha%20-%20ES%2C%2029101-320!5e0!3m2!1spt-BR!2sbr!4v1663170147854!5m2!1spt-BR!2sbr\"\r\n            class=\"map-iframe-alt\"><\/iframe>\r\n    <\/div>\r\n        <\/section>\r\n    \r\n\t\t\t\t\t<\/div>\n\t\t\t\t<\/div>\n\t\t\t\t\t<\/div>\n\t\t<\/div>\n\t\t\t\t\t<\/div>\n\t\t<\/section>\n\t\t\t\t<\/div>\n\t\t","protected":false},"excerpt":{"rendered":"<p>Fale com a TRIG\u00d3LEO Envie sua mensagem ou ligue para n\u00f3s. ENVIAR MENSAGEM *Preencimento Obrigat\u00f3rio. CONTATOS (21) 3349-3305 contato@trigoleo.com.br Av. S\u00e3o Paulo, 195 (Esquina com a Rua Jos\u00e9 Pena Medina) Edif\u00edcio Unique Business &#8211; Cobertura &#8211; Praia da Costa &#8211; Vila Velha \/ ES.<\/p>\n","protected":false},"author":1,"featured_media":0,"parent":0,"menu_order":0,"comment_status":"closed","ping_status":"closed","template":"page-templates\/home.php","meta":{"_joinchat":[],"footnotes":""},"class_list":["post-93","page","type-page","status-publish","hentry"],"_links":{"self":[{"href":"https:\/\/trigoleo.com.br\/pt_br\/wp-json\/wp\/v2\/pages\/93","targetHints":{"allow":["GET"]}}],"collection":[{"href":"https:\/\/trigoleo.com.br\/pt_br\/wp-json\/wp\/v2\/pages"}],"about":[{"href":"https:\/\/trigoleo.com.br\/pt_br\/wp-json\/wp\/v2\/types\/page"}],"author":[{"embeddable":true,"href":"https:\/\/trigoleo.com.br\/pt_br\/wp-json\/wp\/v2\/users\/1"}],"replies":[{"embeddable":true,"href":"https:\/\/trigoleo.com.br\/pt_br\/wp-json\/wp\/v2\/comments?post=93"}],"version-history":[{"count":20,"href":"https:\/\/trigoleo.com.br\/pt_br\/wp-json\/wp\/v2\/pages\/93\/revisions"}],"predecessor-version":[{"id":1733,"href":"https:\/\/trigoleo.com.br\/pt_br\/wp-json\/wp\/v2\/pages\/93\/revisions\/1733"}],"wp:attachment":[{"href":"https:\/\/trigoleo.com.br\/pt_br\/wp-json\/wp\/v2\/media?parent=93"}],"curies":[{"name":"wp","href":"https:\/\/api.w.org\/{rel}","templated":true}]}}