{"id":1512,"date":"2023-06-13T09:04:18","date_gmt":"2023-06-13T09:04:18","guid":{"rendered":"https:\/\/trigoleo.com.br\/?page_id=1512"},"modified":"2023-06-14T18:33:05","modified_gmt":"2023-06-14T18:33:05","slug":"biocombustiveis-ecoa","status":"publish","type":"page","link":"https:\/\/trigoleo.com.br\/pt_br\/biocombustiveis-ecoa\/","title":{"rendered":"BIOCOMBUSTIVEIS &#8211; ECOA"},"content":{"rendered":"\t\t<div data-elementor-type=\"wp-page\" data-elementor-id=\"1512\" class=\"elementor elementor-1512\">\n\t\t\t\t\t\t<section class=\"elementor-section elementor-top-section elementor-element elementor-element-7510d02 elementor-section-full_width elementor-section-height-default elementor-section-height-default\" data-id=\"7510d02\" data-element_type=\"section\" data-e-type=\"section\">\n\t\t\t\t\t\t<div class=\"elementor-container elementor-column-gap-no\">\n\t\t\t\t\t<div class=\"elementor-column elementor-col-100 elementor-top-column elementor-element elementor-element-ef44bea\" data-id=\"ef44bea\" data-element_type=\"column\" data-e-type=\"column\">\n\t\t\t<div class=\"elementor-widget-wrap elementor-element-populated\">\n\t\t\t\t\t\t<div class=\"elementor-element elementor-element-476f67b elementor-align-center elementor-widget elementor-widget-bdevs-banner-other\" data-id=\"476f67b\" data-element_type=\"widget\" data-e-type=\"widget\" data-widget_type=\"bdevs-banner-other.default\">\n\t\t\t\t<div class=\"elementor-widget-container\">\n\t\t\t\t\t  \r\n<section>\r\n    <div class=\"pages-hero\" style=\"background-image:url(https:\/\/trigoleo.com.br\/wp-content\/uploads\/2023\/06\/ECOASUPERNOVA_page-0001.jpg)\">\r\n        <div class=\"container\">\r\n            <div class=\"pages-title\">\r\n            \t                \t            <h1>Ecoa, para um novo mundo!<\/h1>\r\n\t            \t                            <p>Tansformando Res\u00edduos org\u00e2nicos em biocombust\u00edvel renov\u00e1vel<\/p>\r\n                            <\/div>\r\n        <\/div>\r\n    <\/div>\r\n<\/section>\r\n\t\t\t\t\t<\/div>\n\t\t\t\t<\/div>\n\t\t\t\t\t<\/div>\n\t\t<\/div>\n\t\t\t\t\t<\/div>\n\t\t<\/section>\n\t\t\t\t<section class=\"elementor-section elementor-top-section elementor-element elementor-element-534af23 elementor-section-full_width elementor-section-height-default elementor-section-height-default\" data-id=\"534af23\" data-element_type=\"section\" data-e-type=\"section\">\n\t\t\t\t\t\t<div class=\"elementor-container elementor-column-gap-no\">\n\t\t\t\t\t<div class=\"elementor-column elementor-col-100 elementor-top-column elementor-element elementor-element-8d48010\" data-id=\"8d48010\" data-element_type=\"column\" data-e-type=\"column\">\n\t\t\t<div class=\"elementor-widget-wrap elementor-element-populated\">\n\t\t\t\t\t\t<div class=\"elementor-element elementor-element-bc3d4ed elementor-widget elementor-widget-text-editor\" data-id=\"bc3d4ed\" data-element_type=\"widget\" data-e-type=\"widget\" data-widget_type=\"text-editor.default\">\n\t\t\t\t<div class=\"elementor-widget-container\">\n\t\t\t\t\t\t\t\t\t<h3>Como fazemos?<\/h3>\t\t\t\t\t\t\t\t<\/div>\n\t\t\t\t<\/div>\n\t\t\t\t\t<\/div>\n\t\t<\/div>\n\t\t\t\t\t<\/div>\n\t\t<\/section>\n\t\t\t\t<section class=\"elementor-section elementor-top-section elementor-element elementor-element-3f7f9d4 elementor-section-full_width elementor-section-height-default elementor-section-height-default\" data-id=\"3f7f9d4\" data-element_type=\"section\" data-e-type=\"section\">\n\t\t\t\t\t\t<div class=\"elementor-container elementor-column-gap-no\">\n\t\t\t\t\t<div class=\"elementor-column elementor-col-100 elementor-top-column elementor-element elementor-element-540feb5\" data-id=\"540feb5\" data-element_type=\"column\" data-e-type=\"column\">\n\t\t\t<div class=\"elementor-widget-wrap elementor-element-populated\">\n\t\t\t\t\t\t<div class=\"elementor-element elementor-element-067580e elementor-widget elementor-widget-text-editor\" data-id=\"067580e\" data-element_type=\"widget\" data-e-type=\"widget\" data-widget_type=\"text-editor.default\">\n\t\t\t\t<div class=\"elementor-widget-container\">\n\t\t\t\t\t\t\t\t\t<p>Desenvolvemos uma tecnologia inovadora para transformar os res\u00edduos org\u00e2nicos (oriundos das cidades ou das industrias) em \u00e1lcool etan\u00f3ico (\u00e1cido ac\u00e9tico), proveniente da biodigest\u00e3o anaer\u00f3bica da fase \u00e1cida.<\/p>\t\t\t\t\t\t\t\t<\/div>\n\t\t\t\t<\/div>\n\t\t\t\t\t<\/div>\n\t\t<\/div>\n\t\t\t\t\t<\/div>\n\t\t<\/section>\n\t\t\t\t<section class=\"elementor-section elementor-top-section elementor-element elementor-element-ed2a6c3 elementor-section-boxed elementor-section-height-default elementor-section-height-default\" data-id=\"ed2a6c3\" data-element_type=\"section\" data-e-type=\"section\">\n\t\t\t\t\t\t<div class=\"elementor-container elementor-column-gap-default\">\n\t\t\t\t\t<div class=\"elementor-column elementor-col-33 elementor-top-column elementor-element elementor-element-ca56152\" data-id=\"ca56152\" data-element_type=\"column\" data-e-type=\"column\">\n\t\t\t<div class=\"elementor-widget-wrap elementor-element-populated\">\n\t\t\t\t\t\t<div class=\"elementor-element elementor-element-6be91a7 elementor-widget elementor-widget-image\" data-id=\"6be91a7\" data-element_type=\"widget\" data-e-type=\"widget\" data-widget_type=\"image.default\">\n\t\t\t\t<div class=\"elementor-widget-container\">\n\t\t\t\t\t\t\t\t\t\t\t\t\t\t\t<img decoding=\"async\" width=\"150\" height=\"150\" src=\"https:\/\/trigoleo.com.br\/wp-content\/uploads\/2023\/06\/1-150x150.jpg\" class=\"attachment-thumbnail size-thumbnail wp-image-1556\" alt=\"\" srcset=\"https:\/\/trigoleo.com.br\/wp-content\/uploads\/2023\/06\/1-150x150.jpg 150w, https:\/\/trigoleo.com.br\/wp-content\/uploads\/2023\/06\/elementor\/thumbs\/1-q7yonkj02091642cnyhaqskq0kkpvqlieope17ulbo.jpg 50w\" sizes=\"(max-width: 150px) 100vw, 150px\" \/>\t\t\t\t\t\t\t\t\t\t\t\t\t\t\t<\/div>\n\t\t\t\t<\/div>\n\t\t\t\t<div class=\"elementor-element elementor-element-c061ada elementor-widget elementor-widget-text-editor\" data-id=\"c061ada\" data-element_type=\"widget\" data-e-type=\"widget\" data-widget_type=\"text-editor.default\">\n\t\t\t\t<div class=\"elementor-widget-container\">\n\t\t\t\t\t\t\t\t\t<div class=\"elementor-element elementor-element-da92b6a elementor-widget elementor-widget-heading\" data-id=\"da92b6a\" data-element_type=\"widget\" data-widget_type=\"heading.default\"><div class=\"elementor-widget-container\"><h3 class=\"elementor-heading-title elementor-size-default\">TECNOLOGIA<\/h3><\/div><\/div><div class=\"elementor-element elementor-element-8c3f8c4 elementor-widget elementor-widget-text-editor\" data-id=\"8c3f8c4\" data-element_type=\"widget\" data-widget_type=\"text-editor.default\"><div class=\"elementor-widget-container\"><p>A grande vantagem da tecnologia \u00e9 n\u00e3o afetar a produ\u00e7\u00e3o de alimentos, otimizando o alto investimento em mat\u00e9ria prima para produ\u00e7\u00e3o de etanol e utilizar uma mat\u00e9ria dispon\u00edvel a \u201ccusto zero\u201d. Uma tonelada de mat\u00e9ria org\u00e2nica pode ser transformada em cerca de 300 a 400 litros de etanol.<\/p><\/div><\/div>\t\t\t\t\t\t\t\t<\/div>\n\t\t\t\t<\/div>\n\t\t\t\t\t<\/div>\n\t\t<\/div>\n\t\t\t\t<div class=\"elementor-column elementor-col-33 elementor-top-column elementor-element elementor-element-aa7427c\" data-id=\"aa7427c\" data-element_type=\"column\" data-e-type=\"column\">\n\t\t\t<div class=\"elementor-widget-wrap elementor-element-populated\">\n\t\t\t\t\t\t<div class=\"elementor-element elementor-element-d3b6eb0 elementor-widget elementor-widget-image\" data-id=\"d3b6eb0\" data-element_type=\"widget\" data-e-type=\"widget\" data-widget_type=\"image.default\">\n\t\t\t\t<div class=\"elementor-widget-container\">\n\t\t\t\t\t\t\t\t\t\t\t\t\t\t\t<img decoding=\"async\" width=\"150\" height=\"150\" src=\"https:\/\/trigoleo.com.br\/wp-content\/uploads\/2023\/06\/2-150x150.jpg\" class=\"attachment-thumbnail size-thumbnail wp-image-1560\" alt=\"\" srcset=\"https:\/\/trigoleo.com.br\/wp-content\/uploads\/2023\/06\/2-150x150.jpg 150w, https:\/\/trigoleo.com.br\/wp-content\/uploads\/2023\/06\/elementor\/thumbs\/2-q7yootn8v39oqw7dqrrljgh99qcfh9rp3xvej5de0q.jpg 25w\" sizes=\"(max-width: 150px) 100vw, 150px\" \/>\t\t\t\t\t\t\t\t\t\t\t\t\t\t\t<\/div>\n\t\t\t\t<\/div>\n\t\t\t\t<div class=\"elementor-element elementor-element-7c169ef elementor-widget elementor-widget-text-editor\" data-id=\"7c169ef\" data-element_type=\"widget\" data-e-type=\"widget\" data-widget_type=\"text-editor.default\">\n\t\t\t\t<div class=\"elementor-widget-container\">\n\t\t\t\t\t\t\t\t\t<div class=\"elementor-element elementor-element-8b838cb elementor-widget elementor-widget-heading\" data-id=\"8b838cb\" data-element_type=\"widget\" data-widget_type=\"heading.default\"><div class=\"elementor-widget-container\"><h3 class=\"elementor-heading-title elementor-size-default\">Processo<\/h3><\/div><\/div><div class=\"elementor-element elementor-element-73e8638 elementor-widget elementor-widget-text-editor\" data-id=\"73e8638\" data-element_type=\"widget\" data-widget_type=\"text-editor.default\"><div class=\"elementor-widget-container\"><p>O Processo \u00e9 realizado em biodigestor anaer\u00f3bico, associado a hidrogen\u00f3lise com erradia\u00e7\u00e3o de UV \u2013 ultravioleta, sendo destilado e retificado por destila\u00e7\u00e3o fracionada, em etanol hidratado combust\u00edvel.<\/p><p>Os rendimentos variam de 20% a 40% com teor de carbono, ou seja, de 35% a 40% em peso da mat\u00e9ria org\u00e2nica.<\/p><\/div><\/div>\t\t\t\t\t\t\t\t<\/div>\n\t\t\t\t<\/div>\n\t\t\t\t\t<\/div>\n\t\t<\/div>\n\t\t\t\t<div class=\"elementor-column elementor-col-33 elementor-top-column elementor-element elementor-element-c06d2ec\" data-id=\"c06d2ec\" data-element_type=\"column\" data-e-type=\"column\">\n\t\t\t<div class=\"elementor-widget-wrap elementor-element-populated\">\n\t\t\t\t\t\t<div class=\"elementor-element elementor-element-69a66a7 elementor-widget elementor-widget-image\" data-id=\"69a66a7\" data-element_type=\"widget\" data-e-type=\"widget\" data-widget_type=\"image.default\">\n\t\t\t\t<div class=\"elementor-widget-container\">\n\t\t\t\t\t\t\t\t\t\t\t\t\t\t\t<img decoding=\"async\" width=\"150\" height=\"150\" src=\"https:\/\/trigoleo.com.br\/wp-content\/uploads\/2023\/06\/3-150x150.jpg\" class=\"attachment-thumbnail size-thumbnail wp-image-1561\" alt=\"\" srcset=\"https:\/\/trigoleo.com.br\/wp-content\/uploads\/2023\/06\/3-150x150.jpg 150w, https:\/\/trigoleo.com.br\/wp-content\/uploads\/2023\/06\/elementor\/thumbs\/3-q7yopjyq6g9prz55h355h9u5wiqpgso6jk4zywad6i.jpg 25w\" sizes=\"(max-width: 150px) 100vw, 150px\" \/>\t\t\t\t\t\t\t\t\t\t\t\t\t\t\t<\/div>\n\t\t\t\t<\/div>\n\t\t\t\t<div class=\"elementor-element elementor-element-82c24fc elementor-widget elementor-widget-text-editor\" data-id=\"82c24fc\" data-element_type=\"widget\" data-e-type=\"widget\" data-widget_type=\"text-editor.default\">\n\t\t\t\t<div class=\"elementor-widget-container\">\n\t\t\t\t\t\t\t\t\t<div class=\"elementor-element elementor-element-57df56d elementor-widget elementor-widget-heading\" data-id=\"57df56d\" data-element_type=\"widget\" data-widget_type=\"heading.default\"><div class=\"elementor-widget-container\"><h3 class=\"elementor-heading-title elementor-size-default\">Resultados<\/h3><\/div><\/div><div class=\"elementor-element elementor-element-7eb895f elementor-widget elementor-widget-text-editor\" data-id=\"7eb895f\" data-element_type=\"widget\" data-widget_type=\"text-editor.default\"><div class=\"elementor-widget-container\"><p>Esse processo, j\u00e1 patenteado, foi testado por 3 anos na ESALQ. Nossa planta com capacidade de recebimento de 1 tonelada por dia de res\u00edduos org\u00e2nicos abasteceu carros da unidade e o etanol foi tamb\u00e9m utilizado para outros fins.<\/p><\/div><\/div>\t\t\t\t\t\t\t\t<\/div>\n\t\t\t\t<\/div>\n\t\t\t\t\t<\/div>\n\t\t<\/div>\n\t\t\t\t\t<\/div>\n\t\t<\/section>\n\t\t\t\t<section class=\"elementor-section elementor-top-section elementor-element elementor-element-0556b38 elementor-section-boxed elementor-section-height-default elementor-section-height-default\" data-id=\"0556b38\" data-element_type=\"section\" data-e-type=\"section\">\n\t\t\t\t\t\t<div class=\"elementor-container elementor-column-gap-default\">\n\t\t\t\t\t<div class=\"elementor-column elementor-col-100 elementor-top-column elementor-element elementor-element-340f8fb\" data-id=\"340f8fb\" data-element_type=\"column\" data-e-type=\"column\">\n\t\t\t<div class=\"elementor-widget-wrap elementor-element-populated\">\n\t\t\t\t\t\t<div class=\"elementor-element elementor-element-e16084b elementor-arrows-position-inside elementor-widget elementor-widget-image-carousel\" data-id=\"e16084b\" data-element_type=\"widget\" data-e-type=\"widget\" data-settings=\"{&quot;slides_to_show&quot;:&quot;1&quot;,&quot;navigation&quot;:&quot;arrows&quot;,&quot;autoplay&quot;:&quot;yes&quot;,&quot;pause_on_hover&quot;:&quot;yes&quot;,&quot;pause_on_interaction&quot;:&quot;yes&quot;,&quot;autoplay_speed&quot;:5000,&quot;infinite&quot;:&quot;yes&quot;,&quot;effect&quot;:&quot;slide&quot;,&quot;speed&quot;:500}\" data-widget_type=\"image-carousel.default\">\n\t\t\t\t<div class=\"elementor-widget-container\">\n\t\t\t\t\t\t\t<div class=\"elementor-image-carousel-wrapper swiper\" role=\"region\" aria-roledescription=\"carousel\" aria-label=\"Carrossel de imagens\" dir=\"ltr\">\n\t\t\t<div class=\"elementor-image-carousel swiper-wrapper swiper-image-stretch\" aria-live=\"off\">\n\t\t\t\t\t\t\t\t<div class=\"swiper-slide\" role=\"group\" aria-roledescription=\"slide\" aria-label=\"1 de 26\"><figure class=\"swiper-slide-inner\"><img decoding=\"async\" class=\"swiper-slide-image\" src=\"https:\/\/trigoleo.com.br\/wp-content\/uploads\/2023\/06\/ECOASUPERNOVA_page-0023-1024x576.jpg\" alt=\"ECOASUPERNOVA_page-0023\" \/><\/figure><\/div><div class=\"swiper-slide\" role=\"group\" aria-roledescription=\"slide\" aria-label=\"2 de 26\"><figure class=\"swiper-slide-inner\"><img decoding=\"async\" class=\"swiper-slide-image\" src=\"https:\/\/trigoleo.com.br\/wp-content\/uploads\/2023\/06\/ECOASUPERNOVA_page-0024-1024x576.jpg\" alt=\"ECOASUPERNOVA_page-0024\" \/><\/figure><\/div><div class=\"swiper-slide\" role=\"group\" aria-roledescription=\"slide\" aria-label=\"3 de 26\"><figure class=\"swiper-slide-inner\"><img decoding=\"async\" class=\"swiper-slide-image\" src=\"https:\/\/trigoleo.com.br\/wp-content\/uploads\/2023\/06\/ECOASUPERNOVA_page-0026-1024x576.jpg\" alt=\"ECOASUPERNOVA_page-0026\" \/><\/figure><\/div><div class=\"swiper-slide\" role=\"group\" aria-roledescription=\"slide\" aria-label=\"4 de 26\"><figure class=\"swiper-slide-inner\"><img decoding=\"async\" class=\"swiper-slide-image\" src=\"https:\/\/trigoleo.com.br\/wp-content\/uploads\/2023\/06\/ECOASUPERNOVA_page-0025-1024x576.jpg\" alt=\"ECOASUPERNOVA_page-0025\" \/><\/figure><\/div><div class=\"swiper-slide\" role=\"group\" aria-roledescription=\"slide\" aria-label=\"5 de 26\"><figure class=\"swiper-slide-inner\"><img decoding=\"async\" class=\"swiper-slide-image\" src=\"https:\/\/trigoleo.com.br\/wp-content\/uploads\/2023\/06\/ECOASUPERNOVA_page-0017-1024x576.jpg\" alt=\"ECOASUPERNOVA_page-0017\" \/><\/figure><\/div><div class=\"swiper-slide\" role=\"group\" aria-roledescription=\"slide\" aria-label=\"6 de 26\"><figure class=\"swiper-slide-inner\"><img decoding=\"async\" class=\"swiper-slide-image\" src=\"https:\/\/trigoleo.com.br\/wp-content\/uploads\/2023\/06\/ECOASUPERNOVA_page-0018-1024x576.jpg\" alt=\"ECOASUPERNOVA_page-0018\" \/><\/figure><\/div><div class=\"swiper-slide\" role=\"group\" aria-roledescription=\"slide\" aria-label=\"7 de 26\"><figure class=\"swiper-slide-inner\"><img decoding=\"async\" class=\"swiper-slide-image\" src=\"https:\/\/trigoleo.com.br\/wp-content\/uploads\/2023\/06\/ECOASUPERNOVA_page-0019-1024x576.jpg\" alt=\"ECOASUPERNOVA_page-0019\" \/><\/figure><\/div><div class=\"swiper-slide\" role=\"group\" aria-roledescription=\"slide\" aria-label=\"8 de 26\"><figure class=\"swiper-slide-inner\"><img decoding=\"async\" class=\"swiper-slide-image\" src=\"https:\/\/trigoleo.com.br\/wp-content\/uploads\/2023\/06\/ECOASUPERNOVA_page-0020-1024x576.jpg\" alt=\"ECOASUPERNOVA_page-0020\" \/><\/figure><\/div><div class=\"swiper-slide\" role=\"group\" aria-roledescription=\"slide\" aria-label=\"9 de 26\"><figure class=\"swiper-slide-inner\"><img decoding=\"async\" class=\"swiper-slide-image\" src=\"https:\/\/trigoleo.com.br\/wp-content\/uploads\/2023\/06\/ECOASUPERNOVA_page-0021-1024x576.jpg\" alt=\"ECOASUPERNOVA_page-0021\" \/><\/figure><\/div><div class=\"swiper-slide\" role=\"group\" aria-roledescription=\"slide\" aria-label=\"10 de 26\"><figure class=\"swiper-slide-inner\"><img decoding=\"async\" class=\"swiper-slide-image\" src=\"https:\/\/trigoleo.com.br\/wp-content\/uploads\/2023\/06\/ECOASUPERNOVA_page-0022-1024x576.jpg\" alt=\"ECOASUPERNOVA_page-0022\" \/><\/figure><\/div><div class=\"swiper-slide\" role=\"group\" aria-roledescription=\"slide\" aria-label=\"11 de 26\"><figure class=\"swiper-slide-inner\"><img decoding=\"async\" class=\"swiper-slide-image\" src=\"https:\/\/trigoleo.com.br\/wp-content\/uploads\/2023\/06\/ECOASUPERNOVA_page-0010-1024x576.jpg\" alt=\"ECOASUPERNOVA_page-0010\" \/><\/figure><\/div><div class=\"swiper-slide\" role=\"group\" aria-roledescription=\"slide\" aria-label=\"12 de 26\"><figure class=\"swiper-slide-inner\"><img decoding=\"async\" class=\"swiper-slide-image\" src=\"https:\/\/trigoleo.com.br\/wp-content\/uploads\/2023\/06\/ECOASUPERNOVA_page-0011-1024x576.jpg\" alt=\"ECOASUPERNOVA_page-0011\" \/><\/figure><\/div><div class=\"swiper-slide\" role=\"group\" aria-roledescription=\"slide\" aria-label=\"13 de 26\"><figure class=\"swiper-slide-inner\"><img decoding=\"async\" class=\"swiper-slide-image\" src=\"https:\/\/trigoleo.com.br\/wp-content\/uploads\/2023\/06\/ECOASUPERNOVA_page-0012-1024x576.jpg\" alt=\"ECOASUPERNOVA_page-0012\" \/><\/figure><\/div><div class=\"swiper-slide\" role=\"group\" aria-roledescription=\"slide\" aria-label=\"14 de 26\"><figure class=\"swiper-slide-inner\"><img decoding=\"async\" class=\"swiper-slide-image\" src=\"https:\/\/trigoleo.com.br\/wp-content\/uploads\/2023\/06\/ECOASUPERNOVA_page-0013-1024x576.jpg\" alt=\"ECOASUPERNOVA_page-0013\" \/><\/figure><\/div><div class=\"swiper-slide\" role=\"group\" aria-roledescription=\"slide\" aria-label=\"15 de 26\"><figure class=\"swiper-slide-inner\"><img decoding=\"async\" class=\"swiper-slide-image\" src=\"https:\/\/trigoleo.com.br\/wp-content\/uploads\/2023\/06\/ECOASUPERNOVA_page-0014-1024x576.jpg\" alt=\"ECOASUPERNOVA_page-0014\" \/><\/figure><\/div><div class=\"swiper-slide\" role=\"group\" aria-roledescription=\"slide\" aria-label=\"16 de 26\"><figure class=\"swiper-slide-inner\"><img decoding=\"async\" class=\"swiper-slide-image\" src=\"https:\/\/trigoleo.com.br\/wp-content\/uploads\/2023\/06\/ECOASUPERNOVA_page-0015-1024x576.jpg\" alt=\"ECOASUPERNOVA_page-0015\" \/><\/figure><\/div><div class=\"swiper-slide\" role=\"group\" aria-roledescription=\"slide\" aria-label=\"17 de 26\"><figure class=\"swiper-slide-inner\"><img decoding=\"async\" class=\"swiper-slide-image\" src=\"https:\/\/trigoleo.com.br\/wp-content\/uploads\/2023\/06\/ECOASUPERNOVA_page-0016-1024x576.jpg\" alt=\"ECOASUPERNOVA_page-0016\" \/><\/figure><\/div><div class=\"swiper-slide\" role=\"group\" aria-roledescription=\"slide\" aria-label=\"18 de 26\"><figure class=\"swiper-slide-inner\"><img decoding=\"async\" class=\"swiper-slide-image\" src=\"https:\/\/trigoleo.com.br\/wp-content\/uploads\/2023\/06\/ECOASUPERNOVA_page-0006-1024x576.jpg\" alt=\"ECOASUPERNOVA_page-0006\" \/><\/figure><\/div><div class=\"swiper-slide\" role=\"group\" aria-roledescription=\"slide\" aria-label=\"19 de 26\"><figure class=\"swiper-slide-inner\"><img decoding=\"async\" class=\"swiper-slide-image\" src=\"https:\/\/trigoleo.com.br\/wp-content\/uploads\/2023\/06\/ECOASUPERNOVA_page-0007-1024x576.jpg\" alt=\"ECOASUPERNOVA_page-0007\" \/><\/figure><\/div><div class=\"swiper-slide\" role=\"group\" aria-roledescription=\"slide\" aria-label=\"20 de 26\"><figure class=\"swiper-slide-inner\"><img decoding=\"async\" class=\"swiper-slide-image\" src=\"https:\/\/trigoleo.com.br\/wp-content\/uploads\/2023\/06\/ECOASUPERNOVA_page-0008-1024x576.jpg\" alt=\"ECOASUPERNOVA_page-0008\" \/><\/figure><\/div><div class=\"swiper-slide\" role=\"group\" aria-roledescription=\"slide\" aria-label=\"21 de 26\"><figure class=\"swiper-slide-inner\"><img decoding=\"async\" class=\"swiper-slide-image\" src=\"https:\/\/trigoleo.com.br\/wp-content\/uploads\/2023\/06\/ECOASUPERNOVA_page-0001-1024x576.jpg\" alt=\"ECOASUPERNOVA_page-0001\" \/><\/figure><\/div><div class=\"swiper-slide\" role=\"group\" aria-roledescription=\"slide\" aria-label=\"22 de 26\"><figure class=\"swiper-slide-inner\"><img decoding=\"async\" class=\"swiper-slide-image\" src=\"https:\/\/trigoleo.com.br\/wp-content\/uploads\/2023\/06\/ECOASUPERNOVA_page-0005-1024x576.jpg\" alt=\"ECOASUPERNOVA_page-0005\" \/><\/figure><\/div><div class=\"swiper-slide\" role=\"group\" aria-roledescription=\"slide\" aria-label=\"23 de 26\"><figure class=\"swiper-slide-inner\"><img decoding=\"async\" class=\"swiper-slide-image\" src=\"https:\/\/trigoleo.com.br\/wp-content\/uploads\/2023\/06\/ECOASUPERNOVA_page-0004-1024x576.jpg\" alt=\"ECOASUPERNOVA_page-0004\" \/><\/figure><\/div><div class=\"swiper-slide\" role=\"group\" aria-roledescription=\"slide\" aria-label=\"24 de 26\"><figure class=\"swiper-slide-inner\"><img decoding=\"async\" class=\"swiper-slide-image\" src=\"https:\/\/trigoleo.com.br\/wp-content\/uploads\/2023\/06\/ECOASUPERNOVA_page-0003-1024x576.jpg\" alt=\"ECOASUPERNOVA_page-0003\" \/><\/figure><\/div><div class=\"swiper-slide\" role=\"group\" aria-roledescription=\"slide\" aria-label=\"25 de 26\"><figure class=\"swiper-slide-inner\"><img decoding=\"async\" class=\"swiper-slide-image\" src=\"https:\/\/trigoleo.com.br\/wp-content\/uploads\/2023\/06\/ECOASUPERNOVA_page-0002.jpg\" alt=\"ECOASUPERNOVA_page-0002\" \/><\/figure><\/div><div class=\"swiper-slide\" role=\"group\" aria-roledescription=\"slide\" aria-label=\"26 de 26\"><figure class=\"swiper-slide-inner\"><img decoding=\"async\" class=\"swiper-slide-image\" src=\"https:\/\/trigoleo.com.br\/wp-content\/uploads\/2023\/06\/ECOASUPERNOVA_page-0009-1024x576.jpg\" alt=\"ECOASUPERNOVA_page-0009\" \/><\/figure><\/div>\t\t\t<\/div>\n\t\t\t\t\t\t\t\t\t\t\t\t<div class=\"elementor-swiper-button elementor-swiper-button-prev\" role=\"button\" tabindex=\"0\">\n\t\t\t\t\t\t<i aria-hidden=\"true\" class=\"eicon-chevron-left\"><\/i>\t\t\t\t\t<\/div>\n\t\t\t\t\t<div class=\"elementor-swiper-button elementor-swiper-button-next\" role=\"button\" tabindex=\"0\">\n\t\t\t\t\t\t<i aria-hidden=\"true\" class=\"eicon-chevron-right\"><\/i>\t\t\t\t\t<\/div>\n\t\t\t\t\n\t\t\t\t\t\t\t\t\t<\/div>\n\t\t\t\t\t\t<\/div>\n\t\t\t\t<\/div>\n\t\t\t\t\t<\/div>\n\t\t<\/div>\n\t\t\t\t\t<\/div>\n\t\t<\/section>\n\t\t\t\t<\/div>\n\t\t","protected":false},"excerpt":{"rendered":"<p>Ecoa, para um novo mundo! Tansformando Res\u00edduos org\u00e2nicos em biocombust\u00edvel renov\u00e1vel Como fazemos?Desenvolvemos uma tecnologia inovadora para transformar os res\u00edduos org\u00e2nicos (oriundos das cidades ou das industrias) em \u00e1lcool etan\u00f3ico (\u00e1cido ac\u00e9tico), proveniente da biodigest\u00e3o anaer\u00f3bica da fase \u00e1cida. TECNOLOGIAA grande vantagem da tecnologia \u00e9 n\u00e3o afetar a produ\u00e7\u00e3o de alimentos, otimizando o alto investimento [&hellip;]<\/p>\n","protected":false},"author":1,"featured_media":0,"parent":0,"menu_order":0,"comment_status":"closed","ping_status":"closed","template":"page-templates\/home.php","meta":{"_joinchat":[],"footnotes":""},"class_list":["post-1512","page","type-page","status-publish","hentry"],"_links":{"self":[{"href":"https:\/\/trigoleo.com.br\/pt_br\/wp-json\/wp\/v2\/pages\/1512","targetHints":{"allow":["GET"]}}],"collection":[{"href":"https:\/\/trigoleo.com.br\/pt_br\/wp-json\/wp\/v2\/pages"}],"about":[{"href":"https:\/\/trigoleo.com.br\/pt_br\/wp-json\/wp\/v2\/types\/page"}],"author":[{"embeddable":true,"href":"https:\/\/trigoleo.com.br\/pt_br\/wp-json\/wp\/v2\/users\/1"}],"replies":[{"embeddable":true,"href":"https:\/\/trigoleo.com.br\/pt_br\/wp-json\/wp\/v2\/comments?post=1512"}],"version-history":[{"count":19,"href":"https:\/\/trigoleo.com.br\/pt_br\/wp-json\/wp\/v2\/pages\/1512\/revisions"}],"predecessor-version":[{"id":1564,"href":"https:\/\/trigoleo.com.br\/pt_br\/wp-json\/wp\/v2\/pages\/1512\/revisions\/1564"}],"wp:attachment":[{"href":"https:\/\/trigoleo.com.br\/pt_br\/wp-json\/wp\/v2\/media?parent=1512"}],"curies":[{"name":"wp","href":"https:\/\/api.w.org\/{rel}","templated":true}]}}