{"id":79,"date":"2021-06-09T04:21:18","date_gmt":"2021-06-09T04:21:18","guid":{"rendered":"https:\/\/shtheme.org\/demosd\/farmey\/?page_id=79"},"modified":"2022-10-18T18:12:20","modified_gmt":"2022-10-18T18:12:20","slug":"pecuaria","status":"publish","type":"page","link":"https:\/\/trigoleo.com.br\/en_us\/pecuaria\/","title":{"rendered":"Trigoleo &#8211; Pecu\u00e1ria"},"content":{"rendered":"<div data-elementor-type=\"wp-page\" data-elementor-id=\"79\" class=\"elementor elementor-79\">\n\t\t\t\t\t\t<section class=\"elementor-section elementor-top-section elementor-element elementor-element-9a8c613 elementor-section-full_width elementor-section-height-default elementor-section-height-default\" data-id=\"9a8c613\" data-element_type=\"section\" data-e-type=\"section\">\n\t\t\t\t\t\t<div class=\"elementor-container elementor-column-gap-no\">\n\t\t\t\t\t<div class=\"elementor-column elementor-col-100 elementor-top-column elementor-element elementor-element-a86ade5\" data-id=\"a86ade5\" data-element_type=\"column\" data-e-type=\"column\">\n\t\t\t<div class=\"elementor-widget-wrap elementor-element-populated\">\n\t\t\t\t\t\t<div class=\"elementor-element elementor-element-9936567 elementor-align-left elementor-widget elementor-widget-bdevs-slider2\" data-id=\"9936567\" data-element_type=\"widget\" data-e-type=\"widget\" data-widget_type=\"bdevs-slider2.default\">\n\t\t\t\t<div class=\"elementor-widget-container\">\n\t\t\t\t\t  \r\n\t\t<section>\r\n    <!--SLIDER START-->\r\n    <div class=\"home-slider\">\r\n        <!-- partial:index.partial.html -->\r\n        <div class=\"hero-slider\" data-carousel>\r\n        \t            <div class=\"carousel-cell\" style=\"background-image:url(https:\/\/trigoleo.com.br\/wp-content\/uploads\/2022\/10\/gadonerole-1.jpg);\">\r\n                <!-- <div class=\"overlay\"><\/div> -->\r\n                <div class=\"container slider-caption\">\r\n                                        <h5 class=\"subtitle\">We take care of our animals<\/h5>\r\n                                                            <h1>healthy and strong cattle<\/h1>\r\n                                                            <p>A quality product can only come from animals that are fed by the best available on the\nmarket.<\/p>\r\n                                                            <a class=\"btn btn-default btn-outline\" href=\"#\" role=\"button\">Read more<\/a>\r\n                                    <\/div>\r\n                <div class=\"social-media\">\r\n                    <ul>\r\n                                                <li><a href=\"https:\/\/www.facebook.com\/\"><i class=\"fab fa-facebook-f\"><\/i><\/a><\/li>\r\n                                                                                                                    <\/ul>\r\n                <\/div>\r\n            <\/div>\r\n                        <div class=\"carousel-cell\" style=\"background-image:url(https:\/\/trigoleo.com.br\/wp-content\/uploads\/2022\/10\/gadonerole-1.jpg);\">\r\n                <!-- <div class=\"overlay\"><\/div> -->\r\n                <div class=\"container slider-caption\">\r\n                                        <h5 class=\"subtitle\">Well Treated Pastures<\/h5>\r\n                                                            <h1>The best pasture for the best breeding<\/h1>\r\n                                                            <p>First Quality Products to supply the market.<\/p>\r\n                                                            <a class=\"btn btn-default btn-outline\" href=\"#\" role=\"button\">Read more<\/a>\r\n                                    <\/div>\r\n                <div class=\"social-media\">\r\n                    <ul>\r\n                                                                                                                    <\/ul>\r\n                <\/div>\r\n            <\/div>\r\n                    <\/div>\r\n        <!-- partial -->\r\n    <\/div>\r\n    <!--SLIDER END-->\r\n<\/section>\r\n\t\t\t\t\t<\/div>\n\t\t\t\t<\/div>\n\t\t\t\t\t<\/div>\n\t\t<\/div>\n\t\t\t\t\t<\/div>\n\t\t<\/section>\n\t\t\t\t<section class=\"elementor-section elementor-top-section elementor-element elementor-element-5eeeb0c elementor-section-full_width elementor-section-height-default elementor-section-height-default\" data-id=\"5eeeb0c\" data-element_type=\"section\" data-e-type=\"section\">\n\t\t\t\t\t\t<div class=\"elementor-container elementor-column-gap-no\">\n\t\t\t\t\t<div class=\"elementor-column elementor-col-100 elementor-top-column elementor-element elementor-element-c15f3f4\" data-id=\"c15f3f4\" data-element_type=\"column\" data-e-type=\"column\">\n\t\t\t<div class=\"elementor-widget-wrap elementor-element-populated\">\n\t\t\t\t\t\t<section class=\"elementor-section elementor-inner-section elementor-element elementor-element-8b8a0a1 elementor-section-boxed elementor-section-height-default elementor-section-height-default\" data-id=\"8b8a0a1\" data-element_type=\"section\" data-e-type=\"section\">\n\t\t\t\t\t\t<div class=\"elementor-container elementor-column-gap-default\">\n\t\t\t\t\t<div class=\"elementor-column elementor-col-33 elementor-inner-column elementor-element elementor-element-7e8ad86\" data-id=\"7e8ad86\" data-element_type=\"column\" data-e-type=\"column\">\n\t\t\t<div class=\"elementor-widget-wrap elementor-element-populated\">\n\t\t\t\t\t\t<div class=\"elementor-element elementor-element-83cb77b elementor-widget elementor-widget-video\" data-id=\"83cb77b\" data-element_type=\"widget\" data-e-type=\"widget\" data-settings=\"{&quot;youtube_url&quot;:&quot;https:\\\/\\\/www.youtube.com\\\/watch?v=Az1r2QYb8tk&quot;,&quot;video_type&quot;:&quot;youtube&quot;,&quot;controls&quot;:&quot;yes&quot;}\" data-widget_type=\"video.default\">\n\t\t\t\t<div class=\"elementor-widget-container\">\n\t\t\t\t\t\t\t<div class=\"elementor-wrapper elementor-open-inline\">\n\t\t\t<div class=\"elementor-video\"><\/div>\t\t<\/div>\n\t\t\t\t\t\t<\/div>\n\t\t\t\t<\/div>\n\t\t\t\t\t<\/div>\n\t\t<\/div>\n\t\t\t\t<div class=\"elementor-column elementor-col-33 elementor-inner-column elementor-element elementor-element-914b761\" data-id=\"914b761\" data-element_type=\"column\" data-e-type=\"column\">\n\t\t\t<div class=\"elementor-widget-wrap elementor-element-populated\">\n\t\t\t\t\t\t<div class=\"elementor-element elementor-element-e4fc27e elementor-widget elementor-widget-video\" data-id=\"e4fc27e\" data-element_type=\"widget\" data-e-type=\"widget\" data-settings=\"{&quot;youtube_url&quot;:&quot;https:\\\/\\\/www.youtube.com\\\/watch?v=7aah24VbN4I&quot;,&quot;video_type&quot;:&quot;youtube&quot;,&quot;controls&quot;:&quot;yes&quot;}\" data-widget_type=\"video.default\">\n\t\t\t\t<div class=\"elementor-widget-container\">\n\t\t\t\t\t\t\t<div class=\"elementor-wrapper elementor-open-inline\">\n\t\t\t<div class=\"elementor-video\"><\/div>\t\t<\/div>\n\t\t\t\t\t\t<\/div>\n\t\t\t\t<\/div>\n\t\t\t\t\t<\/div>\n\t\t<\/div>\n\t\t\t\t<div class=\"elementor-column elementor-col-33 elementor-inner-column elementor-element elementor-element-316af82\" data-id=\"316af82\" data-element_type=\"column\" data-e-type=\"column\">\n\t\t\t<div class=\"elementor-widget-wrap elementor-element-populated\">\n\t\t\t\t\t\t<div class=\"elementor-element elementor-element-e450716 elementor-widget elementor-widget-video\" data-id=\"e450716\" data-element_type=\"widget\" data-e-type=\"widget\" data-settings=\"{&quot;youtube_url&quot;:&quot;https:\\\/\\\/www.youtube.com\\\/watch?v=560ows2-k-I&quot;,&quot;video_type&quot;:&quot;youtube&quot;,&quot;controls&quot;:&quot;yes&quot;}\" data-widget_type=\"video.default\">\n\t\t\t\t<div class=\"elementor-widget-container\">\n\t\t\t\t\t\t\t<div class=\"elementor-wrapper elementor-open-inline\">\n\t\t\t<div class=\"elementor-video\"><\/div>\t\t<\/div>\n\t\t\t\t\t\t<\/div>\n\t\t\t\t<\/div>\n\t\t\t\t\t<\/div>\n\t\t<\/div>\n\t\t\t\t\t<\/div>\n\t\t<\/section>\n\t\t\t\t\t<\/div>\n\t\t<\/div>\n\t\t\t\t\t<\/div>\n\t\t<\/section>\n\t\t\t\t<section class=\"elementor-section elementor-top-section elementor-element elementor-element-b049727 elementor-section-full_width elementor-section-height-default elementor-section-height-default\" data-id=\"b049727\" data-element_type=\"section\" data-e-type=\"section\">\n\t\t\t\t\t\t<div class=\"elementor-container elementor-column-gap-no\">\n\t\t\t\t\t<div class=\"elementor-column elementor-col-100 elementor-top-column elementor-element elementor-element-b954e30\" data-id=\"b954e30\" data-element_type=\"column\" data-e-type=\"column\">\n\t\t\t<div class=\"elementor-widget-wrap elementor-element-populated\">\n\t\t\t\t\t\t<div class=\"elementor-element elementor-element-2f76284 elementor-align-left elementor-widget elementor-widget-bdevs-product\" data-id=\"2f76284\" data-element_type=\"widget\" data-e-type=\"widget\" data-widget_type=\"bdevs-product.default\">\n\t\t\t\t<div class=\"elementor-widget-container\">\n\t\t\t\t\t  \r\n<section>\r\n    <div class=\"container mb-4\">\r\n        <div class=\"basic-carousel\">\r\n            <div class=\"owl-carousel owl-theme\">\r\n            \t                <div class=\"item\">\r\n                    <div class=\"thumbnail\">\r\n                        <a href=\"#\">\r\n                            <figure class=\"snip1206\">\r\n                                <img decoding=\"async\" src=\"https:\/\/trigoleo.com.br\/wp-content\/uploads\/2022\/10\/novilhas-pantaneiras-miranda-ms-premiacao-por-arroba-giro-do-dia-abril-2020.jpeg\" alt=\"sample74\" \/>\r\n                                <figcaption>\r\n                                    \t\t\t\t                    <h3>CREATE<\/h3>\r\n\t\t\t\t                                                        \t\t\t\t                    <p>It is composed of females in reproduction (may include rearing females for replacement, herd growth and sale).<\/p>\r\n\t\t\t\t                                                    <\/figcaption>\r\n                            <\/figure>\r\n                        <\/a>\r\n                    <\/div>\r\n                <\/div>\r\n                                <div class=\"item\">\r\n                    <div class=\"thumbnail\">\r\n                        <a href=\"#\">\r\n                            <figure class=\"snip1206\">\r\n                                <img decoding=\"async\" src=\"https:\/\/trigoleo.com.br\/wp-content\/uploads\/2022\/10\/novilhas-que-impressionam-fazenda-sao-luiz-caceres-mt-agosto-2020.jpg\" alt=\"sample74\" \/>\r\n                                <figcaption>\r\n                                    \t\t\t\t                    <h3>RECREATE<\/h3>\r\n\t\t\t\t                                                        \t\t\t\t                    <p>Develop the animal so that it can express the maximum of its genetic potential, imprinting conformation and structure.<\/p>\r\n\t\t\t\t                                                    <\/figcaption>\r\n                            <\/figure>\r\n                        <\/a>\r\n                    <\/div>\r\n                <\/div>\r\n                                <div class=\"item\">\r\n                    <div class=\"thumbnail\">\r\n                        <a href=\"#\">\r\n                            <figure class=\"snip1206\">\r\n                                <img decoding=\"async\" src=\"https:\/\/trigoleo.com.br\/wp-content\/uploads\/2022\/10\/nerolengorda2.jpg\" alt=\"sample74\" \/>\r\n                                <figcaption>\r\n                                    \t\t\t\t                    <h3>FATTEN<\/h3>\r\n\t\t\t\t                                                        \t\t\t\t                    <p>Short cycle, where the animals will go through a process of weight gain and fat deposition in the carcass.<\/p>\r\n\t\t\t\t                                                    <\/figcaption>\r\n                            <\/figure>\r\n                        <\/a>\r\n                    <\/div>\r\n                <\/div>\r\n                            <\/div>\r\n            <div class=\"owl-theme\">\r\n                <div class=\"owl-controls\">\r\n                    <div class=\"custom-nav owl-nav\"><\/div>\r\n                <\/div>\r\n            <\/div>\r\n        <\/div>\r\n    <\/div>\r\n<\/section>\r\n\t\t\t\t\t<\/div>\n\t\t\t\t<\/div>\n\t\t\t\t\t<\/div>\n\t\t<\/div>\n\t\t\t\t\t<\/div>\n\t\t<\/section>\n\t\t\t\t<section class=\"elementor-section elementor-top-section elementor-element elementor-element-25b0090 elementor-section-full_width elementor-section-height-default elementor-section-height-default\" data-id=\"25b0090\" data-element_type=\"section\" data-e-type=\"section\">\n\t\t\t\t\t\t<div class=\"elementor-container elementor-column-gap-no\">\n\t\t\t\t\t<div class=\"elementor-column elementor-col-100 elementor-top-column elementor-element elementor-element-fe1a20e\" data-id=\"fe1a20e\" data-element_type=\"column\" data-e-type=\"column\">\n\t\t\t<div class=\"elementor-widget-wrap elementor-element-populated\">\n\t\t\t\t\t\t<div class=\"elementor-element elementor-element-9faae64 elementor-align-left elementor-widget elementor-widget-bdevs-info\" data-id=\"9faae64\" data-element_type=\"widget\" data-e-type=\"widget\" data-widget_type=\"bdevs-info.default\">\n\t\t\t\t<div class=\"elementor-widget-container\">\n\t\t\t\t\t \r\n<section>\r\n   <div class=\"container mb-5\">\r\n        <div class=\"row\">\r\n        \t            <div class=\"col-lg-6\">\r\n                <div class=\"big-content\">\r\n                    <h2>Beef Cattle TRIGOLEO<\/h2>\r\n                <\/div>\r\n            <\/div>\r\n                                    <div class=\"col-lg-6\">\r\n                <div class=\"small-text\">\r\n                    <p>Beef cattle activity covering Genetic Improvement in the 3 stages: Breeding, Rearing\nand Fattening<\/p>\r\n                <\/div>\r\n            <\/div>\r\n                    <\/div>\r\n    <\/div>\r\n<\/section>\r\n\t\t\t\t\t<\/div>\n\t\t\t\t<\/div>\n\t\t\t\t\t<\/div>\n\t\t<\/div>\n\t\t\t\t\t<\/div>\n\t\t<\/section>\n\t\t\t\t<section class=\"elementor-section elementor-top-section elementor-element elementor-element-fd369d4 elementor-section-full_width elementor-section-height-default elementor-section-height-default\" data-id=\"fd369d4\" data-element_type=\"section\" data-e-type=\"section\">\n\t\t\t\t\t\t<div class=\"elementor-container elementor-column-gap-no\">\n\t\t\t\t\t<div class=\"elementor-column elementor-col-100 elementor-top-column elementor-element elementor-element-d6b6852\" data-id=\"d6b6852\" data-element_type=\"column\" data-e-type=\"column\">\n\t\t\t<div class=\"elementor-widget-wrap elementor-element-populated\">\n\t\t\t\t\t\t<div class=\"elementor-element elementor-element-f912762 elementor-align-left elementor-widget elementor-widget-bdevs-info2\" data-id=\"f912762\" data-element_type=\"widget\" data-e-type=\"widget\" data-widget_type=\"bdevs-info2.default\">\n\t\t\t\t<div class=\"elementor-widget-container\">\n\t\t\t\t\t \r\n<section>\r\n    <div class=\"container mb-5\">\r\n        <div class=\"row\">\r\n            <div class=\"col-lg-6\">\r\n                <div class=\"why-us-info-alt\">\r\n                \t                    <h2>Trigoleo Award-Winning Cattle<\/h2>\r\n                                                            <p><strong>Cattle ranches are treated with Premium feed.<\/strong><\/p>\n                    <p>To obtain a total quality product, it is necessary to have a quality treatment for our cattle.\n                    <\/p>\n                    <p>We supply the market through our herds spread throughout Brazil, with a quality\nstandard of excellence. We guarantee a delivery within the deadlines and requirements\nof the current national laws.<\/p>                                        <figure class=\"signature\">\r\n                        <img decoding=\"async\" src=\"https:\/\/shtheme.org\/demosd\/farmey\/wp-content\/uploads\/2021\/10\/signature.jpg\" alt=\"\">\r\n                    <\/figure>\r\n                <\/div>\r\n            <\/div>\r\n            <div class=\"col-lg-6 spacing-md\">\r\n                <figure class=\"why-us-about\">\r\n                    <img decoding=\"async\" src=\"https:\/\/trigoleo.com.br\/wp-content\/uploads\/2022\/10\/nerolepremiado-2.jpg\" alt=\"\">\r\n                    <div class=\"image-badget\">\r\n                        <figure class=\"ib-icon\">\r\n                            <img decoding=\"async\" src=\"https:\/\/shtheme.org\/demosd\/farmey\/wp-content\/uploads\/2021\/10\/medal-1.png\" alt=\"\">\r\n                        <\/figure>\r\n                                                <h4>+Quality +Profits<\/h4>\r\n                                                                         <p>The sectorization of the property when done properly in all phases of beef cattle farming,\neven with its peculiarities aim at greater profitability.<\/p>\r\n                                                <\/div>\r\n                <\/figure>\r\n            <\/div>\r\n        <\/div>\r\n    <\/div>\r\n<\/section>\r\n\t\t\t\t\t<\/div>\n\t\t\t\t<\/div>\n\t\t\t\t<div class=\"elementor-element elementor-element-2d37b0f elementor-align-left elementor-widget elementor-widget-bdevs-why-choose-us2\" data-id=\"2d37b0f\" data-element_type=\"widget\" data-e-type=\"widget\" data-widget_type=\"bdevs-why-choose-us2.default\">\n\t\t\t\t<div class=\"elementor-widget-container\">\n\t\t\t\t\t  \r\n<section>\r\n    <div class=\"home-wide-section\">\r\n        <div class=\"row no-gutters\">\r\n            <div class=\"col-lg-6\">\r\n                <div class=\"ws-bg-img\" style=\"background-image: url(https:\/\/trigoleo.com.br\/wp-content\/uploads\/2022\/10\/tabela-cria-corte-2.jpg);\">\r\n\r\n                <\/div>\r\n            <\/div>\r\n            <div class=\"col-lg-6\">\r\n                <div class=\"ws-content\">\r\n                    <div class=\"ws-inner\">\r\n                    \t                        <h5>OUR DEPENDENCE IS NOT IN THE MARKET<\/h5>\r\n                                                                        <h2>COMPLETE CYCLE<\/h2>\r\n                                                                        <div class=\"ws-inner-media\">\r\n                        \t                            <div class=\"media\">\r\n                                <img decoding=\"async\" src=\"https:\/\/shtheme.org\/demosd\/farmey\/wp-content\/uploads\/2021\/10\/shield-1.png\" class=\"mr-3\" alt=\"...\">\r\n                                <div class=\"media-body\">\r\n                                \t                                    <h5 class=\"mt-0\">------------------------ TRIGOLEO<\/h5>\r\n                                                                        \t\t                            <p>It is interesting to note that the duration of a complete cycle, once around 8 years, has\nbeen reduced due to the decrease in the average age of slaughter of cattle. Today the\ncycle lasts around 5 to 6 years.<\/p>\r\n\t\t                                                            <\/div>\r\n                            <\/div>\r\n                                                        <div class=\"media\">\r\n                                <img decoding=\"async\" src=\"https:\/\/shtheme.org\/demosd\/farmey\/wp-content\/uploads\/2021\/10\/badge.png\" class=\"mr-3\" alt=\"...\">\r\n                                <div class=\"media-body\">\r\n                                \t                                    <h5 class=\"mt-0\">------------------------ TRIGOLEO<\/h5>\r\n                                                                        \t\t                            <p>We use marketing tools that minimize the impact of livestock market price volatility on\nour business.<\/p>\r\n\t\t                                                            <\/div>\r\n                            <\/div>\r\n                                                    <\/div>\r\n                    <\/div>\r\n                <\/div>\r\n            <\/div>\r\n        <\/div>\r\n    <\/div>\r\n<\/section>\r\n\r\n\t\t\t\t\t<\/div>\n\t\t\t\t<\/div>\n\t\t\t\t<div class=\"elementor-element elementor-element-70d132b elementor-align-left elementor-widget elementor-widget-bdevs-testimonial3\" data-id=\"70d132b\" data-element_type=\"widget\" data-e-type=\"widget\" data-widget_type=\"bdevs-testimonial3.default\">\n\t\t\t\t<div class=\"elementor-widget-container\">\n\t\t\t\t\t \r\n<div class=\"testimonials-layer  mb-5\" style=\"background-image: url(https:\/\/shtheme.org\/demosd\/farmey\/wp-content\/uploads\/2021\/10\/farmey-4.jpg);\">\r\n        <div class=\"container\">\r\n            <div class=\"section-title\">\r\n                            <h2>A WORD FROM OUR PARTNERS<\/h2>\r\n                        <\/div>\r\n            <div class=\"tt-carousel\">\r\n                <div class=\"owl-carousel owl-theme\">\r\n                \t                    <div class=\"item\">\r\n                        <div class=\"tt-card clearfix\">\r\n                            <figure class=\"avatar\">\r\n                                <img decoding=\"async\" src=\"https:\/\/trigoleo.com.br\/wp-content\/uploads\/2021\/10\/farmey-9.jpg\" alt=\"\">\r\n                            <\/figure>\r\n                            <div class=\"tt-caption\">\r\n                                \t                            <h5>LAURA SANTOS<\/h5>\r\n\t                            \t                            \t                            <h6 class=\"profession\">\r\n\t                                POULTRY BREEDER\t                            <\/h6>\r\n\t                                                            <i class=\"fas fa-quote-left\"><\/i>\r\n                                \t                            <p>I have more than 4000 birds being treated by the market, at TRIGOLEO disposal.<\/p>\r\n\t                                                        <\/div>\r\n                        <\/div>\r\n                    <\/div>\r\n                                        <div class=\"item\">\r\n                        <div class=\"tt-card clearfix\">\r\n                            <figure class=\"avatar\">\r\n                                <img decoding=\"async\" src=\"https:\/\/shtheme.org\/demosd\/farmey\/wp-content\/uploads\/2021\/10\/avatar-3.jpg\" alt=\"\">\r\n                            <\/figure>\r\n                            <div class=\"tt-caption\">\r\n                                \t                            <h5>Alex Matos<\/h5>\r\n\t                            \t                            \t                            <h6 class=\"profession\">\r\n\t                                Pig farmer\t                            <\/h6>\r\n\t                                                            <i class=\"fas fa-quote-left\"><\/i>\r\n                                \t                            <p>I have more than 2000 swines being treated by the market, at TRIGOLEO disposal.<\/p>\r\n\t                                                        <\/div>\r\n                        <\/div>\r\n                    <\/div>\r\n                                        <div class=\"item\">\r\n                        <div class=\"tt-card clearfix\">\r\n                            <figure class=\"avatar\">\r\n                                <img decoding=\"async\" src=\"https:\/\/trigoleo.com.br\/wp-content\/uploads\/2021\/10\/team-portrait-4-1.jpg\" alt=\"\">\r\n                            <\/figure>\r\n                            <div class=\"tt-caption\">\r\n                                \t                            <h5>Eduarda Muniz<\/h5>\r\n\t                            \t                            \t                            <h6 class=\"profession\">\r\n\t                                Farmer\t                            <\/h6>\r\n\t                                                            <i class=\"fas fa-quote-left\"><\/i>\r\n                                \t                            <p>I have more than 6000 units of poultry being treated by the market, at TRIGOLEO\ndisposal.<\/p>\r\n\t                                                        <\/div>\r\n                        <\/div>\r\n                    <\/div>\r\n                                        <div class=\"item\">\r\n                        <div class=\"tt-card clearfix\">\r\n                            <figure class=\"avatar\">\r\n                                <img decoding=\"async\" src=\"https:\/\/trigoleo.com.br\/wp-content\/uploads\/2021\/10\/avatar-4-1.jpg\" alt=\"\">\r\n                            <\/figure>\r\n                            <div class=\"tt-caption\">\r\n                                \t                            <h5>Richard Jordan<\/h5>\r\n\t                            \t                            \t                            <h6 class=\"profession\">\r\n\t                                Cattle farmer\t                            <\/h6>\r\n\t                                                            <i class=\"fas fa-quote-left\"><\/i>\r\n                                \t                            <p>I have more than 5000 head of cattle being treated by the market, at TRIGOLEO\ndisposal.<\/p>\r\n\t                                                        <\/div>\r\n                        <\/div>\r\n                    <\/div>\r\n                                    <\/div>\r\n                <div class=\"owl-theme\">\r\n                    <div class=\"owl-controls\">\r\n                        <div class=\"custom-nav owl-nav\"><\/div>\r\n                    <\/div>\r\n                <\/div>\r\n            <\/div>\r\n        <\/div>\r\n    <\/div>\r\n\t\t\t\t\t<\/div>\n\t\t\t\t<\/div>\n\t\t\t\t\t<\/div>\n\t\t<\/div>\n\t\t\t\t\t<\/div>\n\t\t<\/section>\n\t\t\t\t<\/div>","protected":false},"excerpt":{"rendered":"<p>CUIDAMOS DE NOSSOS ANIMAIS Gado forte e saud\u00e1vel Um produto de qualidade s\u00f3 pode vir de animais que s\u00e3o alimentados com o que h\u00e1 de melhor dispon\u00edvel no mercado. Leia mais Pastos bem Tratados O melhor Pasto para a melhor Cria\u00e7\u00e3o Produtos de Primeira Qualidade para suprir o mercado. Leia mais https:\/\/www.youtube.com\/watch?v=Az1r2QYb8tkhttps:\/\/www.youtube.com\/watch?v=7aah24VbN4Ihttps:\/\/www.youtube.com\/watch?v=560ows2-k-I CRIA Comp\u00f5e-se de [&hellip;]<\/p>","protected":false},"author":1,"featured_media":0,"parent":0,"menu_order":0,"comment_status":"closed","ping_status":"closed","template":"page-templates\/home-page-3.php","meta":{"_joinchat":[],"footnotes":""},"class_list":["post-79","page","type-page","status-publish","hentry"],"_links":{"self":[{"href":"https:\/\/trigoleo.com.br\/en_us\/wp-json\/wp\/v2\/pages\/79","targetHints":{"allow":["GET"]}}],"collection":[{"href":"https:\/\/trigoleo.com.br\/en_us\/wp-json\/wp\/v2\/pages"}],"about":[{"href":"https:\/\/trigoleo.com.br\/en_us\/wp-json\/wp\/v2\/types\/page"}],"author":[{"embeddable":true,"href":"https:\/\/trigoleo.com.br\/en_us\/wp-json\/wp\/v2\/users\/1"}],"replies":[{"embeddable":true,"href":"https:\/\/trigoleo.com.br\/en_us\/wp-json\/wp\/v2\/comments?post=79"}],"version-history":[{"count":98,"href":"https:\/\/trigoleo.com.br\/en_us\/wp-json\/wp\/v2\/pages\/79\/revisions"}],"predecessor-version":[{"id":1323,"href":"https:\/\/trigoleo.com.br\/en_us\/wp-json\/wp\/v2\/pages\/79\/revisions\/1323"}],"wp:attachment":[{"href":"https:\/\/trigoleo.com.br\/en_us\/wp-json\/wp\/v2\/media?parent=79"}],"curies":[{"name":"wp","href":"https:\/\/api.w.org\/{rel}","templated":true}]}}